{"id":736,"date":"2025-05-13T19:32:17","date_gmt":"2025-05-13T17:32:17","guid":{"rendered":"https:\/\/ebphysio.eu\/?page_id=736"},"modified":"2025-05-30T15:45:38","modified_gmt":"2025-05-30T13:45:38","slug":"neue-startseite","status":"publish","type":"page","link":"https:\/\/ebphysio.eu\/","title":{"rendered":"Wir sind umgezogen!"},"content":{"rendered":"\n<p>Die Praxis Ebphysio wurde aufgel\u00f6st \u2013 aber wir sind weiterhin f\u00fcr Sie da!<\/p>\n\n\n\n<p>Unter neuem Namen und an einem neuen Standort freuen wir uns, Sie bei Physiotherapie A Plus begr\u00fc\u00dfen zu d\u00fcrfen:<\/p>\n\n\n\n<p><strong>Adresse: <\/strong>Mautgasse 13, 8045 Graz<\/p>\n\n\n\n<p><strong>Telefon: <\/strong>+43 681 20712007<\/p>\n\n\n\n<p><strong>Email:<\/strong> <a href=\"mailto:c.zeppetzauer@physio-andritz.at\">c.zeppetzauer@physio-andritz.at<\/a><\/p>\n\n\n\n<p><strong>Web:&nbsp;<\/strong><a href=\"http:\/\/www.physio-andritz.at\/\" target=\"_blank\" rel=\"noreferrer noopener\">www.physio-andritz.at<\/a><\/p>\n\n\n\n<p>Gleiche Qualit\u00e4t, neues Ambiente, neuer Name \u2013 wir freuen uns auf Sie!<\/p>\n\n\n\n<p>Ein herzliches Dankesch\u00f6n an alle unsere Patientinnen und Patienten f\u00fcr das entgegengebrachte Vertrauen in der Zeit bei Ebphysio.<\/p>\n\n\n\n<p>Ich freue mich darauf, Sie auch in der neuen Praxis weiter begleiten zu d\u00fcrfen.<\/p>\n\n\n\n<p>Herzliche Gr\u00fc\u00dfe,<\/p>\n\n\n\n<p>Christina Zeppetzauer<\/p>\n\n\n\n<p>(ehemals Mandl)<\/p>\n","protected":false},"excerpt":{"rendered":"<p>Die Praxis Ebphysio wurde aufgel\u00f6st \u2013 aber wir sind weiterhin f\u00fcr Sie da! Unter neuem Namen und an einem neuen &#8230;<\/p>\n","protected":false},"author":2,"featured_media":0,"parent":0,"menu_order":0,"comment_status":"closed","ping_status":"closed","template":"","meta":{"footnotes":""},"class_list":["post-736","page","type-page","status-publish","hentry"],"yoast_head":"<!-- This site is optimized with the Yoast SEO plugin v19.8 - https:\/\/yoast.com\/wordpress\/plugins\/seo\/ -->\n<title>Wir sind umgezogen! -<\/title>\n<meta name=\"robots\" content=\"index, follow, max-snippet:-1, max-image-preview:large, max-video-preview:-1\" \/>\n<link rel=\"canonical\" href=\"https:\/\/ebphysio.eu\/\" \/>\n<meta property=\"og:locale\" content=\"de_DE\" \/>\n<meta property=\"og:type\" content=\"article\" \/>\n<meta property=\"og:title\" content=\"Wir sind umgezogen! -\" \/>\n<meta property=\"og:description\" content=\"Die Praxis Ebphysio wurde aufgel\u00f6st \u2013 aber wir sind weiterhin f\u00fcr Sie da! Unter neuem Namen und an einem neuen ...\" \/>\n<meta property=\"og:url\" content=\"https:\/\/ebphysio.eu\/\" \/>\n<meta property=\"article:publisher\" content=\"https:\/\/www.facebook.com\/ebphysiotherapie\" \/>\n<meta property=\"article:modified_time\" content=\"2025-05-30T13:45:38+00:00\" \/>\n<meta name=\"twitter:card\" content=\"summary_large_image\" \/>\n<meta name=\"twitter:label1\" content=\"Gesch\u00e4tzte Lesezeit\" \/>\n\t<meta name=\"twitter:data1\" content=\"1\u00a0Minute\" \/>\n<script type=\"application\/ld+json\" class=\"yoast-schema-graph\">{\"@context\":\"https:\/\/schema.org\",\"@graph\":[{\"@type\":\"WebPage\",\"@id\":\"https:\/\/ebphysio.eu\/\",\"url\":\"https:\/\/ebphysio.eu\/\",\"name\":\"Wir sind umgezogen! -\",\"isPartOf\":{\"@id\":\"https:\/\/ebphysio.eu\/#website\"},\"datePublished\":\"2025-05-13T17:32:17+00:00\",\"dateModified\":\"2025-05-30T13:45:38+00:00\",\"breadcrumb\":{\"@id\":\"https:\/\/ebphysio.eu\/#breadcrumb\"},\"inLanguage\":\"de\",\"potentialAction\":[{\"@type\":\"ReadAction\",\"target\":[\"https:\/\/ebphysio.eu\/\"]}]},{\"@type\":\"BreadcrumbList\",\"@id\":\"https:\/\/ebphysio.eu\/#breadcrumb\",\"itemListElement\":[{\"@type\":\"ListItem\",\"position\":1,\"name\":\"Startseite\",\"item\":\"https:\/\/ebphysio.eu\/\"},{\"@type\":\"ListItem\",\"position\":2,\"name\":\"Wir sind umgezogen!\"}]},{\"@type\":\"WebSite\",\"@id\":\"https:\/\/ebphysio.eu\/#website\",\"url\":\"https:\/\/ebphysio.eu\/\",\"name\":\"\",\"description\":\"\",\"publisher\":{\"@id\":\"https:\/\/ebphysio.eu\/#organization\"},\"potentialAction\":[{\"@type\":\"SearchAction\",\"target\":{\"@type\":\"EntryPoint\",\"urlTemplate\":\"https:\/\/ebphysio.eu\/?s={search_term_string}\"},\"query-input\":\"required name=search_term_string\"}],\"inLanguage\":\"de\"},{\"@type\":\"Organization\",\"@id\":\"https:\/\/ebphysio.eu\/#organization\",\"name\":\"Physiotherapie Andritz\",\"url\":\"https:\/\/ebphysio.eu\/\",\"sameAs\":[\"https:\/\/www.instagram.com\/ebphysiotherapie\",\"https:\/\/www.facebook.com\/ebphysiotherapie\"],\"logo\":{\"@type\":\"ImageObject\",\"inLanguage\":\"de\",\"@id\":\"https:\/\/ebphysio.eu\/#\/schema\/logo\/image\/\",\"url\":\"https:\/\/ebphysio.eu\/wp-content\/uploads\/2025\/05\/cropped-cropped-Aplus_Physiotherapie_Logo-200x74-1.png\",\"contentUrl\":\"https:\/\/ebphysio.eu\/wp-content\/uploads\/2025\/05\/cropped-cropped-Aplus_Physiotherapie_Logo-200x74-1.png\",\"width\":200,\"height\":74,\"caption\":\"Physiotherapie Andritz\"},\"image\":{\"@id\":\"https:\/\/ebphysio.eu\/#\/schema\/logo\/image\/\"}}]}<\/script>\n<!-- \/ Yoast SEO plugin. -->","yoast_head_json":{"title":"Wir sind umgezogen! -","robots":{"index":"index","follow":"follow","max-snippet":"max-snippet:-1","max-image-preview":"max-image-preview:large","max-video-preview":"max-video-preview:-1"},"canonical":"https:\/\/ebphysio.eu\/","og_locale":"de_DE","og_type":"article","og_title":"Wir sind umgezogen! -","og_description":"Die Praxis Ebphysio wurde aufgel\u00f6st \u2013 aber wir sind weiterhin f\u00fcr Sie da! Unter neuem Namen und an einem neuen ...","og_url":"https:\/\/ebphysio.eu\/","article_publisher":"https:\/\/www.facebook.com\/ebphysiotherapie","article_modified_time":"2025-05-30T13:45:38+00:00","twitter_card":"summary_large_image","twitter_misc":{"Gesch\u00e4tzte Lesezeit":"1\u00a0Minute"},"schema":{"@context":"https:\/\/schema.org","@graph":[{"@type":"WebPage","@id":"https:\/\/ebphysio.eu\/","url":"https:\/\/ebphysio.eu\/","name":"Wir sind umgezogen! -","isPartOf":{"@id":"https:\/\/ebphysio.eu\/#website"},"datePublished":"2025-05-13T17:32:17+00:00","dateModified":"2025-05-30T13:45:38+00:00","breadcrumb":{"@id":"https:\/\/ebphysio.eu\/#breadcrumb"},"inLanguage":"de","potentialAction":[{"@type":"ReadAction","target":["https:\/\/ebphysio.eu\/"]}]},{"@type":"BreadcrumbList","@id":"https:\/\/ebphysio.eu\/#breadcrumb","itemListElement":[{"@type":"ListItem","position":1,"name":"Startseite","item":"https:\/\/ebphysio.eu\/"},{"@type":"ListItem","position":2,"name":"Wir sind umgezogen!"}]},{"@type":"WebSite","@id":"https:\/\/ebphysio.eu\/#website","url":"https:\/\/ebphysio.eu\/","name":"","description":"","publisher":{"@id":"https:\/\/ebphysio.eu\/#organization"},"potentialAction":[{"@type":"SearchAction","target":{"@type":"EntryPoint","urlTemplate":"https:\/\/ebphysio.eu\/?s={search_term_string}"},"query-input":"required name=search_term_string"}],"inLanguage":"de"},{"@type":"Organization","@id":"https:\/\/ebphysio.eu\/#organization","name":"Physiotherapie Andritz","url":"https:\/\/ebphysio.eu\/","sameAs":["https:\/\/www.instagram.com\/ebphysiotherapie","https:\/\/www.facebook.com\/ebphysiotherapie"],"logo":{"@type":"ImageObject","inLanguage":"de","@id":"https:\/\/ebphysio.eu\/#\/schema\/logo\/image\/","url":"https:\/\/ebphysio.eu\/wp-content\/uploads\/2025\/05\/cropped-cropped-Aplus_Physiotherapie_Logo-200x74-1.png","contentUrl":"https:\/\/ebphysio.eu\/wp-content\/uploads\/2025\/05\/cropped-cropped-Aplus_Physiotherapie_Logo-200x74-1.png","width":200,"height":74,"caption":"Physiotherapie Andritz"},"image":{"@id":"https:\/\/ebphysio.eu\/#\/schema\/logo\/image\/"}}]}},"_links":{"self":[{"href":"https:\/\/ebphysio.eu\/index.php?rest_route=\/wp\/v2\/pages\/736","targetHints":{"allow":["GET"]}}],"collection":[{"href":"https:\/\/ebphysio.eu\/index.php?rest_route=\/wp\/v2\/pages"}],"about":[{"href":"https:\/\/ebphysio.eu\/index.php?rest_route=\/wp\/v2\/types\/page"}],"author":[{"embeddable":true,"href":"https:\/\/ebphysio.eu\/index.php?rest_route=\/wp\/v2\/users\/2"}],"replies":[{"embeddable":true,"href":"https:\/\/ebphysio.eu\/index.php?rest_route=%2Fwp%2Fv2%2Fcomments&post=736"}],"version-history":[{"count":7,"href":"https:\/\/ebphysio.eu\/index.php?rest_route=\/wp\/v2\/pages\/736\/revisions"}],"predecessor-version":[{"id":758,"href":"https:\/\/ebphysio.eu\/index.php?rest_route=\/wp\/v2\/pages\/736\/revisions\/758"}],"wp:attachment":[{"href":"https:\/\/ebphysio.eu\/index.php?rest_route=%2Fwp%2Fv2%2Fmedia&parent=736"}],"curies":[{"name":"wp","href":"https:\/\/api.w.org\/{rel}","templated":true}]}}